{"id":155,"date":"2023-09-20T20:32:08","date_gmt":"2023-09-20T20:32:08","guid":{"rendered":"https:\/\/famdentalarts.com\/?page_id=155"},"modified":"2026-01-29T02:57:03","modified_gmt":"2026-01-29T02:57:03","slug":"about-us","status":"publish","type":"page","link":"https:\/\/famdentalarts.com\/es\/about-us\/","title":{"rendered":"Nosotros"},"content":{"rendered":"<div data-elementor-type=\"wp-page\" data-elementor-id=\"155\" class=\"elementor elementor-155\" data-elementor-post-type=\"page\">\n\t\t\t\t\t\t<section class=\"elementor-section elementor-top-section elementor-element elementor-element-acad4ba elementor-section-height-min-height elementor-section-boxed elementor-section-height-default elementor-section-items-middle\" data-id=\"acad4ba\" data-element_type=\"section\" data-e-type=\"section\" data-settings=\"{&quot;background_background&quot;:&quot;gradient&quot;}\">\n\t\t\t\t\t\t\t<div class=\"elementor-background-overlay\"><\/div>\n\t\t\t\t\t\t\t<div class=\"elementor-container elementor-column-gap-default\">\n\t\t\t\t\t<div class=\"elementor-column elementor-col-100 elementor-top-column elementor-element elementor-element-4be4b38\" data-id=\"4be4b38\" data-element_type=\"column\" data-e-type=\"column\" data-settings=\"{&quot;background_background&quot;:&quot;classic&quot;}\">\n\t\t\t<div class=\"elementor-widget-wrap elementor-element-populated\">\n\t\t\t\t\t\t<div class=\"elementor-element elementor-element-394aed9d elementor-invisible elementor-widget elementor-widget-heading\" data-id=\"394aed9d\" data-element_type=\"widget\" data-e-type=\"widget\" data-settings=\"{&quot;_animation&quot;:&quot;fadeIn&quot;}\" data-widget_type=\"heading.default\">\n\t\t\t\t\t<div class=\"elementor-heading-title elementor-size-default\">Tu Sonrisa, Nuestro Arte, Tu Perfecci\u00f3n<\/div>\t\t\t\t<\/div>\n\t\t\t\t<div class=\"elementor-element elementor-element-56ec9dbe elementor-widget__width-auto elementor-widget elementor-widget-heading\" data-id=\"56ec9dbe\" data-element_type=\"widget\" data-e-type=\"widget\" data-widget_type=\"heading.default\">\n\t\t\t\t\t<div class=\"elementor-heading-title elementor-size-default\"><a href=\"https:\/\/famdentalarts.com\/es\">Inicio<\/a><\/div>\t\t\t\t<\/div>\n\t\t\t\t<div class=\"elementor-element elementor-element-31f6e05e elementor-widget__width-auto elementor-widget elementor-widget-heading\" data-id=\"31f6e05e\" data-element_type=\"widget\" data-e-type=\"widget\" data-widget_type=\"heading.default\">\n\t\t\t\t\t<div class=\"elementor-heading-title elementor-size-default\">|<\/div>\t\t\t\t<\/div>\n\t\t\t\t\t<\/div>\n\t\t<\/div>\n\t\t\t\t\t<\/div>\n\t\t<\/section>\n\t\t\t\t<section class=\"elementor-section elementor-top-section elementor-element elementor-element-399e57d1 elementor-section-boxed elementor-section-height-default elementor-section-height-default\" data-id=\"399e57d1\" data-element_type=\"section\" data-e-type=\"section\" data-settings=\"{&quot;background_background&quot;:&quot;gradient&quot;}\">\n\t\t\t\t\t\t\t<div class=\"elementor-background-overlay\"><\/div>\n\t\t\t\t\t\t\t<div class=\"elementor-container elementor-column-gap-default\">\n\t\t\t\t\t<div class=\"elementor-column elementor-col-50 elementor-top-column elementor-element elementor-element-7e62657b\" data-id=\"7e62657b\" data-element_type=\"column\" data-e-type=\"column\">\n\t\t\t<div class=\"elementor-widget-wrap elementor-element-populated\">\n\t\t\t\t\t\t<div class=\"elementor-element elementor-element-1e0bdf74 elementor-widget elementor-widget-heading\" data-id=\"1e0bdf74\" data-element_type=\"widget\" data-e-type=\"widget\" data-widget_type=\"heading.default\">\n\t\t\t\t\t<div class=\"elementor-heading-title elementor-size-default\">Descubre m\u00e1s sobre Family Dental Art of Florida. Sum\u00e9rgete en nuestra historia, pasi\u00f3n y compromiso inquebrantable.<\/div>\t\t\t\t<\/div>\n\t\t\t\t<div class=\"elementor-element elementor-element-1ef38d47 elementor-widget elementor-widget-icon-box\" data-id=\"1ef38d47\" data-element_type=\"widget\" data-e-type=\"widget\" data-widget_type=\"icon-box.default\">\n\t\t\t\t\t\t\t<div class=\"elementor-icon-box-wrapper\">\n\n\t\t\t\n\t\t\t\t\t\t<div class=\"elementor-icon-box-content\">\n\n\t\t\t\t\t\t\t\t\t<h2 class=\"elementor-icon-box-title\">\n\t\t\t\t\t\t<span  >\n\t\t\t\t\t\t\tBrindar una excelente atenci\u00f3n dental es nuestro objetivo\t\t\t\t\t\t<\/span>\n\t\t\t\t\t<\/h2>\n\t\t\t\t\n\t\t\t\t\t\t\t\t\t<p class=\"elementor-icon-box-description\">\n\t\t\t\t\t\tLa Dra. Sarah Gat\u00f3n Molina siempre ha sentido la necesidad de ayudar a los dem\u00e1s y hacerlos sonre\u00edr. Opt\u00f3 por la odontolog\u00eda para cumplir con este llamado. Inicialmente, asisti\u00f3 a la escuela de odontolog\u00eda en la Rep\u00fablica Dominicana en la Universidad Aut\u00f3noma de Santo Domingo y, posteriormente, avanz\u00f3 en su carrera profesional estudiando endodoncia (conductos radiculares) en la Universidad Cat\u00f3lica Santo Domingo. En 2019, obtuvo su t\u00edtulo de DDS en los Estados Unidos en la University of Southern California- Herman Ostrow School of Dentistry.<br><br>\nLa Dra. Molina considera a sus pacientes como parte de su familia. Todos sus planes de tratamiento se realizan poni\u00e9ndose en el lugar del paciente para encontrar las mejores soluciones para sus problemas. Es miembro de varias organizaciones dentales, incluyendo la Asociaci\u00f3n Dental Americana, la Asociaci\u00f3n Dental de Florida y otras.<br><br>\nEn su tiempo libre, a la Dra. Molina le gusta pasar tiempo con su familia y amigos, jugar v\u00f3ley playa y bailar. Tambi\u00e9n participa en varios programas de divulgaci\u00f3n social, donde se involucra en la educaci\u00f3n sobre salud dental y ayuda a proporcionar necesidades b\u00e1sicas a aquellos que no han tenido tanta suerte en la vida.<br><br>\nNada llena su coraz\u00f3n de m\u00e1s alegr\u00eda que ayudar a las personas a tener una vida mejor y m\u00e1s saludable, sentirse m\u00e1s seguras de s\u00ed mismas y ver c\u00f3mo lo reflejan a trav\u00e9s de una hermosa sonrisa.\t\n\t\t\t\t\t<\/p>\n\t\t\t\t\n\t\t\t<\/div>\n\t\t\t\n\t\t<\/div>\n\t\t\t\t\t\t<\/div>\n\t\t\t\t<div class=\"elementor-section elementor-inner-section elementor-element elementor-element-ffb0788 elementor-section-boxed elementor-section-height-default elementor-section-height-default\" data-id=\"ffb0788\" data-element_type=\"section\" data-e-type=\"section\">\n\t\t\t\t\t\t<div class=\"elementor-container elementor-column-gap-default\">\n\t\t\t\t\t<div class=\"elementor-column elementor-col-33 elementor-inner-column elementor-element elementor-element-403ff313\" data-id=\"403ff313\" data-element_type=\"column\" data-e-type=\"column\" data-settings=\"{&quot;background_background&quot;:&quot;classic&quot;}\">\n\t\t\t<div class=\"elementor-widget-wrap\">\n\t\t\t\t\t\t\t<\/div>\n\t\t<\/div>\n\t\t\t\t<div class=\"elementor-column elementor-col-33 elementor-inner-column elementor-element elementor-element-6a837773\" data-id=\"6a837773\" data-element_type=\"column\" data-e-type=\"column\" data-settings=\"{&quot;background_background&quot;:&quot;classic&quot;}\">\n\t\t\t<div class=\"elementor-widget-wrap\">\n\t\t\t\t\t\t\t<\/div>\n\t\t<\/div>\n\t\t\t\t<div class=\"elementor-column elementor-col-33 elementor-inner-column elementor-element elementor-element-59cc3fd8\" data-id=\"59cc3fd8\" data-element_type=\"column\" data-e-type=\"column\" data-settings=\"{&quot;background_background&quot;:&quot;classic&quot;}\">\n\t\t\t<div class=\"elementor-widget-wrap\">\n\t\t\t\t\t\t\t<\/div>\n\t\t<\/div>\n\t\t\t\t\t<\/div>\n\t\t<\/div>\n\t\t\t\t\t<\/div>\n\t\t<\/div>\n\t\t\t\t<div class=\"elementor-column elementor-col-50 elementor-top-column elementor-element elementor-element-33dba521\" data-id=\"33dba521\" data-element_type=\"column\" data-e-type=\"column\" data-settings=\"{&quot;background_background&quot;:&quot;classic&quot;}\">\n\t\t\t<div class=\"elementor-widget-wrap elementor-element-populated\">\n\t\t\t\t\t\t<div class=\"elementor-element elementor-element-5c3d83c6 elementor-widget elementor-widget-spacer\" data-id=\"5c3d83c6\" data-element_type=\"widget\" data-e-type=\"widget\" data-widget_type=\"spacer.default\">\n\t\t\t\t\t\t\t<div class=\"elementor-spacer\">\n\t\t\t<div class=\"elementor-spacer-inner\"><\/div>\n\t\t<\/div>\n\t\t\t\t\t\t<\/div>\n\t\t\t\t<div class=\"elementor-element elementor-element-4bfb12df elementor-widget elementor-widget-heading\" data-id=\"4bfb12df\" data-element_type=\"widget\" data-e-type=\"widget\" data-widget_type=\"heading.default\">\n\t\t\t\t\t<div class=\"elementor-heading-title elementor-size-default\">Sarah<br>Gat\u00f3n Molina<\/div>\t\t\t\t<\/div>\n\t\t\t\t<div class=\"elementor-element elementor-element-3f9520e5 elementor-widget elementor-widget-text-editor\" data-id=\"3f9520e5\" data-element_type=\"widget\" data-e-type=\"widget\" data-widget_type=\"text-editor.default\">\n\t\t\t\t\t\t\t\t\t<p>Dentist<\/p>\t\t\t\t\t\t\t\t<\/div>\n\t\t\t\t\t<\/div>\n\t\t<\/div>\n\t\t\t\t\t<\/div>\n\t\t<\/section>\n\t\t\t\t<section class=\"elementor-section elementor-top-section elementor-element elementor-element-1f3eee1e elementor-section-height-min-height elementor-section-boxed elementor-section-height-default elementor-section-items-middle\" data-id=\"1f3eee1e\" data-element_type=\"section\" data-e-type=\"section\" data-settings=\"{&quot;background_background&quot;:&quot;gradient&quot;}\">\n\t\t\t\t\t\t\t<div class=\"elementor-background-overlay\"><\/div>\n\t\t\t\t\t\t\t<div class=\"elementor-container elementor-column-gap-default\">\n\t\t\t\t\t<div class=\"elementor-column elementor-col-100 elementor-top-column elementor-element elementor-element-36cd52f0\" data-id=\"36cd52f0\" data-element_type=\"column\" data-e-type=\"column\" data-settings=\"{&quot;background_background&quot;:&quot;classic&quot;}\">\n\t\t\t<div class=\"elementor-widget-wrap elementor-element-populated\">\n\t\t\t\t\t\t<div class=\"elementor-element elementor-element-27a79d32 elementor-widget elementor-widget-icon-box\" data-id=\"27a79d32\" data-element_type=\"widget\" data-e-type=\"widget\" data-widget_type=\"icon-box.default\">\n\t\t\t\t\t\t\t<div class=\"elementor-icon-box-wrapper\">\n\n\t\t\t\n\t\t\t\t\t\t<div class=\"elementor-icon-box-content\">\n\n\t\t\t\t\t\t\t\t\t<h2 class=\"elementor-icon-box-title\">\n\t\t\t\t\t\t<span  >\n\t\t\t\t\t\t\tExperimenta la tranquilidad de contar con un compa\u00f1ero dental que se preocupa por el bienestar de tu familia. \t\t\t\t\t\t<\/span>\n\t\t\t\t\t<\/h2>\n\t\t\t\t\n\t\t\t\t\t\t\t\t\t<p class=\"elementor-icon-box-description\">\n\t\t\t\t\t\tPrograma tu cita ahora y perm\u00edtenos ser tu opci\u00f3n para Servicios Dentales de Emergencia con compasi\u00f3n. Donde la Atenci\u00f3n Urgente se Encuentra con la Comodidad Familiar - \u00a1El Protector de tu Sonrisa!\t\t\t\t\t<\/p>\n\t\t\t\t\n\t\t\t<\/div>\n\t\t\t\n\t\t<\/div>\n\t\t\t\t\t\t<\/div>\n\t\t\t\t<div class=\"elementor-element elementor-element-bf1cc1a elementor-align-center elementor-widget elementor-widget-button\" data-id=\"bf1cc1a\" data-element_type=\"widget\" data-e-type=\"widget\" data-widget_type=\"button.default\">\n\t\t\t\t\t\t\t\t\t\t<a class=\"elementor-button elementor-button-link elementor-size-lg elementor-animation-bob\" href=\"https:\/\/famdentalarts.com\/es\/contactus\/\">\n\t\t\t\t\t\t<span class=\"elementor-button-content-wrapper\">\n\t\t\t\t\t\t\t\t\t<span class=\"elementor-button-text\">Cont\u00e1ctanos<\/span>\n\t\t\t\t\t<\/span>\n\t\t\t\t\t<\/a>\n\t\t\t\t\t\t\t\t<\/div>\n\t\t\t\t\t<\/div>\n\t\t<\/div>\n\t\t\t\t\t<\/div>\n\t\t<\/section>\n\t\t\t\t<\/div>","protected":false},"excerpt":{"rendered":"<p>Your smile, our art, your perfection. Home | Our team Providing excellent dental care is our objective Dr. Sarah Gat\u00f3n [&hellip;]<\/p>\n","protected":false},"author":1,"featured_media":0,"parent":0,"menu_order":0,"comment_status":"closed","ping_status":"closed","template":"","meta":{"nf_dc_page":"","om_disable_all_campaigns":false,"site-sidebar-layout":"default","site-content-layout":"","ast-site-content-layout":"default","site-content-style":"default","site-sidebar-style":"default","ast-global-header-display":"","ast-banner-title-visibility":"","ast-main-header-display":"","ast-hfb-above-header-display":"","ast-hfb-below-header-display":"","ast-hfb-mobile-header-display":"","site-post-title":"","ast-breadcrumbs-content":"","ast-featured-img":"","footer-sml-layout":"","ast-disable-related-posts":"","theme-transparent-header-meta":"","adv-header-id-meta":"","stick-header-meta":"","header-above-stick-meta":"","header-main-stick-meta":"","header-below-stick-meta":"","astra-migrate-meta-layouts":"default","ast-page-background-enabled":"default","ast-page-background-meta":{"desktop":{"background-color":"var(--ast-global-color-5)","background-image":"","background-repeat":"repeat","background-position":"center center","background-size":"auto","background-attachment":"scroll","background-type":"","background-media":"","overlay-type":"","overlay-color":"","overlay-opacity":"","overlay-gradient":""},"tablet":{"background-color":"","background-image":"","background-repeat":"repeat","background-position":"center center","background-size":"auto","background-attachment":"scroll","background-type":"","background-media":"","overlay-type":"","overlay-color":"","overlay-opacity":"","overlay-gradient":""},"mobile":{"background-color":"","background-image":"","background-repeat":"repeat","background-position":"center center","background-size":"auto","background-attachment":"scroll","background-type":"","background-media":"","overlay-type":"","overlay-color":"","overlay-opacity":"","overlay-gradient":""}},"ast-content-background-meta":{"desktop":{"background-color":"var(--ast-global-color-4)","background-image":"","background-repeat":"repeat","background-position":"center center","background-size":"auto","background-attachment":"scroll","background-type":"","background-media":"","overlay-type":"","overlay-color":"","overlay-opacity":"","overlay-gradient":""},"tablet":{"background-color":"var(--ast-global-color-4)","background-image":"","background-repeat":"repeat","background-position":"center center","background-size":"auto","background-attachment":"scroll","background-type":"","background-media":"","overlay-type":"","overlay-color":"","overlay-opacity":"","overlay-gradient":""},"mobile":{"background-color":"var(--ast-global-color-4)","background-image":"","background-repeat":"repeat","background-position":"center center","background-size":"auto","background-attachment":"scroll","background-type":"","background-media":"","overlay-type":"","overlay-color":"","overlay-opacity":"","overlay-gradient":""}},"footnotes":""},"class_list":["post-155","page","type-page","status-publish","hentry"],"yoast_head":"<!-- This site is optimized with the Yoast SEO plugin v27.4 - https:\/\/yoast.com\/product\/yoast-seo-wordpress\/ -->\n<title>about us - Dr. Sarah Gaton Molina, DDS -Family Dental Arts of Florida<\/title>\n<meta name=\"description\" content=\"Discover more About Family Dental Art of Florida. Dive into our story, passion, and the unwavering commitment.\" \/>\n<meta name=\"robots\" content=\"index, follow, max-snippet:-1, max-image-preview:large, max-video-preview:-1\" \/>\n<link rel=\"canonical\" href=\"https:\/\/famdentalarts.com\/es\/about-us\/\" \/>\n<meta property=\"og:locale\" content=\"es_ES\" \/>\n<meta property=\"og:type\" content=\"article\" \/>\n<meta property=\"og:title\" content=\"about us - Dr. Sarah Gaton Molina, DDS -Family Dental Arts of Florida\" \/>\n<meta property=\"og:description\" content=\"Discover more About Family Dental Art of Florida. Dive into our story, passion, and the unwavering commitment.\" \/>\n<meta property=\"og:url\" content=\"https:\/\/famdentalarts.com\/es\/about-us\/\" \/>\n<meta property=\"og:site_name\" content=\"Dr. Sarah Gaton Molina, DDS -Family Dental Arts of Florida\" \/>\n<meta property=\"article:publisher\" content=\"https:\/\/www.facebook.com\/profile.php?id=100075984941742\" \/>\n<meta property=\"article:modified_time\" content=\"2026-01-29T02:57:03+00:00\" \/>\n<meta property=\"og:image\" content=\"https:\/\/famdentalarts.com\/wp-content\/uploads\/2023\/11\/teeth-whitening-procedure-in-the-dental-office-1024x683.jpg\" \/>\n\t<meta property=\"og:image:width\" content=\"1024\" \/>\n\t<meta property=\"og:image:height\" content=\"683\" \/>\n\t<meta property=\"og:image:type\" content=\"image\/jpeg\" \/>\n<meta name=\"twitter:card\" content=\"summary_large_image\" \/>\n<meta name=\"twitter:site\" content=\"@famdentalarts\" \/>\n<meta name=\"twitter:label1\" content=\"Est. reading time\" \/>\n\t<meta name=\"twitter:data1\" content=\"2 minutos\" \/>\n<script type=\"application\/ld+json\" class=\"yoast-schema-graph\">{\"@context\":\"https:\\\/\\\/schema.org\",\"@graph\":[{\"@type\":\"WebPage\",\"@id\":\"https:\\\/\\\/famdentalarts.com\\\/about-us\\\/\",\"url\":\"https:\\\/\\\/famdentalarts.com\\\/about-us\\\/\",\"name\":\"about us - Dr. Sarah Gaton Molina, DDS -Family Dental Arts of Florida\",\"isPartOf\":{\"@id\":\"https:\\\/\\\/famdentalarts.com\\\/#website\"},\"datePublished\":\"2023-09-20T20:32:08+00:00\",\"dateModified\":\"2026-01-29T02:57:03+00:00\",\"description\":\"Discover more About Family Dental Art of Florida. Dive into our story, passion, and the unwavering commitment.\",\"breadcrumb\":{\"@id\":\"https:\\\/\\\/famdentalarts.com\\\/about-us\\\/#breadcrumb\"},\"inLanguage\":\"es-DO\",\"potentialAction\":[{\"@type\":\"ReadAction\",\"target\":[\"https:\\\/\\\/famdentalarts.com\\\/about-us\\\/\"]}]},{\"@type\":\"BreadcrumbList\",\"@id\":\"https:\\\/\\\/famdentalarts.com\\\/about-us\\\/#breadcrumb\",\"itemListElement\":[{\"@type\":\"ListItem\",\"position\":1,\"name\":\"Home\",\"item\":\"https:\\\/\\\/famdentalarts.com\\\/\"},{\"@type\":\"ListItem\",\"position\":2,\"name\":\"about us\"}]},{\"@type\":\"WebSite\",\"@id\":\"https:\\\/\\\/famdentalarts.com\\\/#website\",\"url\":\"https:\\\/\\\/famdentalarts.com\\\/\",\"name\":\"famdentalarts.com\",\"description\":\"Trusted Family Dentistry in Margate, FL \u2013 Gentle Care, Implants, Crowns &amp; More\",\"publisher\":{\"@id\":\"https:\\\/\\\/famdentalarts.com\\\/#organization\"},\"alternateName\":\"Family Dental Arts Margate\",\"potentialAction\":[{\"@type\":\"SearchAction\",\"target\":{\"@type\":\"EntryPoint\",\"urlTemplate\":\"https:\\\/\\\/famdentalarts.com\\\/?s={search_term_string}\"},\"query-input\":{\"@type\":\"PropertyValueSpecification\",\"valueRequired\":true,\"valueName\":\"search_term_string\"}}],\"inLanguage\":\"es-DO\"},{\"@type\":\"Organization\",\"@id\":\"https:\\\/\\\/famdentalarts.com\\\/#organization\",\"name\":\"Family Dental Arts of Florida, Inc\",\"alternateName\":\"Family Dental Arts Margate\",\"url\":\"https:\\\/\\\/famdentalarts.com\\\/\",\"logo\":{\"@type\":\"ImageObject\",\"inLanguage\":\"es-DO\",\"@id\":\"https:\\\/\\\/famdentalarts.com\\\/#\\\/schema\\\/logo\\\/image\\\/\",\"url\":\"https:\\\/\\\/i0.wp.com\\\/famdentalarts.com\\\/wp-content\\\/uploads\\\/2023\\\/09\\\/cropped-isotipo-de-la-pagina.jpg?fit=528%2C374&ssl=1\",\"contentUrl\":\"https:\\\/\\\/i0.wp.com\\\/famdentalarts.com\\\/wp-content\\\/uploads\\\/2023\\\/09\\\/cropped-isotipo-de-la-pagina.jpg?fit=528%2C374&ssl=1\",\"width\":528,\"height\":374,\"caption\":\"Family Dental Arts of Florida, Inc\"},\"image\":{\"@id\":\"https:\\\/\\\/famdentalarts.com\\\/#\\\/schema\\\/logo\\\/image\\\/\"},\"sameAs\":[\"https:\\\/\\\/www.facebook.com\\\/profile.php?id=100075984941742\",\"https:\\\/\\\/x.com\\\/famdentalarts\",\"https:\\\/\\\/instagram.com\\\/familydentalarts\"]}]}<\/script>\n<!-- \/ Yoast SEO plugin. -->","yoast_head_json":{"title":"about us - Dr. Sarah Gaton Molina, DDS -Family Dental Arts of Florida","description":"Descubre m\u00e1s sobre Family Dental Art of Florida. Sum\u00e9rgete en nuestra historia, pasi\u00f3n y compromiso inquebrantable.","robots":{"index":"index","follow":"follow","max-snippet":"max-snippet:-1","max-image-preview":"max-image-preview:large","max-video-preview":"max-video-preview:-1"},"canonical":"https:\/\/famdentalarts.com\/es\/about-us\/","og_locale":"es_ES","og_type":"article","og_title":"about us - Dr. Sarah Gaton Molina, DDS -Family Dental Arts of Florida","og_description":"Discover more About Family Dental Art of Florida. Dive into our story, passion, and the unwavering commitment.","og_url":"https:\/\/famdentalarts.com\/es\/about-us\/","og_site_name":"Dr. Sarah Gaton Molina, DDS -Family Dental Arts of Florida","article_publisher":"https:\/\/www.facebook.com\/profile.php?id=100075984941742","article_modified_time":"2026-01-29T02:57:03+00:00","og_image":[{"width":1024,"height":683,"url":"https:\/\/famdentalarts.com\/wp-content\/uploads\/2023\/11\/teeth-whitening-procedure-in-the-dental-office-1024x683.jpg","type":"image\/jpeg"}],"twitter_card":"summary_large_image","twitter_site":"@famdentalarts","twitter_misc":{"Est. reading time":"2 minutos"},"schema":{"@context":"https:\/\/schema.org","@graph":[{"@type":"WebPage","@id":"https:\/\/famdentalarts.com\/about-us\/","url":"https:\/\/famdentalarts.com\/about-us\/","name":"about us - Dr. Sarah Gaton Molina, DDS -Family Dental Arts of Florida","isPartOf":{"@id":"https:\/\/famdentalarts.com\/#website"},"datePublished":"2023-09-20T20:32:08+00:00","dateModified":"2026-01-29T02:57:03+00:00","description":"Descubre m\u00e1s sobre Family Dental Art of Florida. Sum\u00e9rgete en nuestra historia, pasi\u00f3n y compromiso inquebrantable.","breadcrumb":{"@id":"https:\/\/famdentalarts.com\/about-us\/#breadcrumb"},"inLanguage":"es-DO","potentialAction":[{"@type":"ReadAction","target":["https:\/\/famdentalarts.com\/about-us\/"]}]},{"@type":"BreadcrumbList","@id":"https:\/\/famdentalarts.com\/about-us\/#breadcrumb","itemListElement":[{"@type":"ListItem","position":1,"name":"Home","item":"https:\/\/famdentalarts.com\/"},{"@type":"ListItem","position":2,"name":"about us"}]},{"@type":"WebSite","@id":"https:\/\/famdentalarts.com\/#website","url":"https:\/\/famdentalarts.com\/","name":"famdentalarts.com","description":"Trusted Family Dentistry in Margate, FL \u2013 Gentle Care, Implants, Crowns &amp; More","publisher":{"@id":"https:\/\/famdentalarts.com\/#organization"},"alternateName":"Family Dental Arts Margate","potentialAction":[{"@type":"SearchAction","target":{"@type":"EntryPoint","urlTemplate":"https:\/\/famdentalarts.com\/?s={search_term_string}"},"query-input":{"@type":"PropertyValueSpecification","valueRequired":true,"valueName":"search_term_string"}}],"inLanguage":"es-DO"},{"@type":"Organization","@id":"https:\/\/famdentalarts.com\/#organization","name":"Family Dental Arts of Florida, Inc","alternateName":"Family Dental Arts Margate","url":"https:\/\/famdentalarts.com\/","logo":{"@type":"ImageObject","inLanguage":"es-DO","@id":"https:\/\/famdentalarts.com\/#\/schema\/logo\/image\/","url":"https:\/\/i0.wp.com\/famdentalarts.com\/wp-content\/uploads\/2023\/09\/cropped-isotipo-de-la-pagina.jpg?fit=528%2C374&ssl=1","contentUrl":"https:\/\/i0.wp.com\/famdentalarts.com\/wp-content\/uploads\/2023\/09\/cropped-isotipo-de-la-pagina.jpg?fit=528%2C374&ssl=1","width":528,"height":374,"caption":"Family Dental Arts of Florida, Inc"},"image":{"@id":"https:\/\/famdentalarts.com\/#\/schema\/logo\/image\/"},"sameAs":["https:\/\/www.facebook.com\/profile.php?id=100075984941742","https:\/\/x.com\/famdentalarts","https:\/\/instagram.com\/familydentalarts"]}]}},"jetpack_sharing_enabled":true,"jetpack_likes_enabled":true,"_links":{"self":[{"href":"https:\/\/famdentalarts.com\/es\/wp-json\/wp\/v2\/pages\/155","targetHints":{"allow":["GET"]}}],"collection":[{"href":"https:\/\/famdentalarts.com\/es\/wp-json\/wp\/v2\/pages"}],"about":[{"href":"https:\/\/famdentalarts.com\/es\/wp-json\/wp\/v2\/types\/page"}],"author":[{"embeddable":true,"href":"https:\/\/famdentalarts.com\/es\/wp-json\/wp\/v2\/users\/1"}],"replies":[{"embeddable":true,"href":"https:\/\/famdentalarts.com\/es\/wp-json\/wp\/v2\/comments?post=155"}],"version-history":[{"count":5,"href":"https:\/\/famdentalarts.com\/es\/wp-json\/wp\/v2\/pages\/155\/revisions"}],"predecessor-version":[{"id":642,"href":"https:\/\/famdentalarts.com\/es\/wp-json\/wp\/v2\/pages\/155\/revisions\/642"}],"wp:attachment":[{"href":"https:\/\/famdentalarts.com\/es\/wp-json\/wp\/v2\/media?parent=155"}],"curies":[{"name":"wp","href":"https:\/\/api.w.org\/{rel}","templated":true}]}}